{"id":1300,"date":"2024-03-31T23:51:30","date_gmt":"2024-03-31T23:51:30","guid":{"rendered":"https:\/\/phorvath.sk\/business-and-legal-english\/"},"modified":"2024-04-04T21:50:00","modified_gmt":"2024-04-04T21:50:00","slug":"business-and-legal-english","status":"publish","type":"page","link":"https:\/\/phorvath.sk\/en\/business-and-legal-english\/","title":{"rendered":"Business and legal English"},"content":{"rendered":"\t\t<div data-elementor-type=\"wp-page\" data-elementor-id=\"1300\" class=\"elementor elementor-1300 elementor-409\">\n\t\t\t\t<div class=\"elementor-element elementor-element-67f12a95 e-flex e-con-boxed e-con e-parent\" data-id=\"67f12a95\" data-element_type=\"container\" data-settings=\"{&quot;background_background&quot;:&quot;classic&quot;}\">\n\t\t\t\t\t<div class=\"e-con-inner\">\n\t\t<div class=\"elementor-element elementor-element-3e15b308 e-con-full e-flex e-con e-child\" data-id=\"3e15b308\" data-element_type=\"container\">\n\t\t<div class=\"elementor-element elementor-element-1c7f8b70 e-con-full e-flex e-con e-child\" data-id=\"1c7f8b70\" data-element_type=\"container\">\n\t\t\t\t<div class=\"elementor-element elementor-element-5551d5a8 elementor-widget__width-initial elementor-view-default elementor-widget elementor-widget-icon\" data-id=\"5551d5a8\" data-element_type=\"widget\" data-widget_type=\"icon.default\">\n\t\t\t\t<div class=\"elementor-widget-container\">\n\t\t\t\t\t\t\t<div class=\"elementor-icon-wrapper\">\n\t\t\t<div class=\"elementor-icon\">\n\t\t\t<svg aria-hidden=\"true\" class=\"e-font-icon-svg e-fas-qrcode\" viewBox=\"0 0 448 512\" xmlns=\"http:\/\/www.w3.org\/2000\/svg\"><path d=\"M0 224h192V32H0v192zM64 96h64v64H64V96zm192-64v192h192V32H256zm128 128h-64V96h64v64zM0 480h192V288H0v192zm64-128h64v64H64v-64zm352-64h32v128h-96v-32h-32v96h-64V288h96v32h64v-32zm0 160h32v32h-32v-32zm-64 0h32v32h-32v-32z\"><\/path><\/svg>\t\t\t<\/div>\n\t\t<\/div>\n\t\t\t\t\t\t<\/div>\n\t\t\t\t<\/div>\n\t\t\t\t<div class=\"elementor-element elementor-element-13c9bf5b elementor-widget__width-auto elementor-widget elementor-widget-heading\" data-id=\"13c9bf5b\" data-element_type=\"widget\" data-widget_type=\"heading.default\">\n\t\t\t\t<div class=\"elementor-widget-container\">\n\t\t\t\t\t<div class=\"elementor-heading-title elementor-size-default\"><a href=\"https:\/\/phorvath.sk\/en\/\">Home<\/a><\/div>\t\t\t\t<\/div>\n\t\t\t\t<\/div>\n\t\t\t\t<div class=\"elementor-element elementor-element-180384d9 elementor-widget__width-initial elementor-view-default elementor-widget elementor-widget-icon\" data-id=\"180384d9\" data-element_type=\"widget\" data-widget_type=\"icon.default\">\n\t\t\t\t<div class=\"elementor-widget-container\">\n\t\t\t\t\t\t\t<div class=\"elementor-icon-wrapper\">\n\t\t\t<div class=\"elementor-icon\">\n\t\t\t<svg aria-hidden=\"true\" class=\"e-font-icon-svg e-fas-angle-right\" viewBox=\"0 0 256 512\" xmlns=\"http:\/\/www.w3.org\/2000\/svg\"><path d=\"M224.3 273l-136 136c-9.4 9.4-24.6 9.4-33.9 0l-22.6-22.6c-9.4-9.4-9.4-24.6 0-33.9l96.4-96.4-96.4-96.4c-9.4-9.4-9.4-24.6 0-33.9L54.3 103c9.4-9.4 24.6-9.4 33.9 0l136 136c9.5 9.4 9.5 24.6.1 34z\"><\/path><\/svg>\t\t\t<\/div>\n\t\t<\/div>\n\t\t\t\t\t\t<\/div>\n\t\t\t\t<\/div>\n\t\t\t\t<div class=\"elementor-element elementor-element-40376021 elementor-widget__width-auto elementor-widget elementor-widget-gum_heading\" data-id=\"40376021\" data-element_type=\"widget\" data-widget_type=\"gum_heading.default\">\n\t\t\t\t<div class=\"elementor-widget-container\">\n\t\t\t\t\t<div class=\"gum-widget-title\"><div class=\"section-main-title size-default\">Business and legal English<\/div><\/div>\t\t\t\t<\/div>\n\t\t\t\t<\/div>\n\t\t\t\t<\/div>\n\t\t\t\t<\/div>\n\t\t\t\t\t<\/div>\n\t\t\t\t<\/div>\n\t\t<div class=\"elementor-element elementor-element-54d25d5a e-flex e-con-boxed e-con e-parent\" data-id=\"54d25d5a\" data-element_type=\"container\">\n\t\t\t\t\t<div class=\"e-con-inner\">\n\t\t<div class=\"elementor-element elementor-element-11ae6511 e-con-full e-flex e-con e-child\" data-id=\"11ae6511\" data-element_type=\"container\">\n\t\t<div class=\"elementor-element elementor-element-6870f1b5 animated-fast e-con-full e-flex elementor-invisible e-con e-child\" data-id=\"6870f1b5\" data-element_type=\"container\" data-settings=\"{&quot;animation&quot;:&quot;fadeInUp&quot;}\">\n\t\t\t\t<div class=\"elementor-element elementor-element-43421b8e elementor-widget elementor-widget-heading\" data-id=\"43421b8e\" data-element_type=\"widget\" data-widget_type=\"heading.default\">\n\t\t\t\t<div class=\"elementor-widget-container\">\n\t\t\t\t\t<h2 class=\"elementor-heading-title elementor-size-default\">Professional Business and Legal English Teaching<\/h2>\t\t\t\t<\/div>\n\t\t\t\t<\/div>\n\t\t\t\t<\/div>\n\t\t\t\t<\/div>\n\t\t\t\t\t<\/div>\n\t\t\t\t<\/div>\n\t\t<div class=\"elementor-element elementor-element-6277233f e-flex e-con-boxed e-con e-parent\" data-id=\"6277233f\" data-element_type=\"container\">\n\t\t\t\t\t<div class=\"e-con-inner\">\n\t\t<div class=\"elementor-element elementor-element-5d3dca47 e-con-full e-flex e-con e-child\" data-id=\"5d3dca47\" data-element_type=\"container\">\n\t\t\t\t<div class=\"elementor-element elementor-element-63842a59 elementor-widget elementor-widget-heading\" data-id=\"63842a59\" data-element_type=\"widget\" data-widget_type=\"heading.default\">\n\t\t\t\t<div class=\"elementor-widget-container\">\n\t\t\t\t\t<h3 class=\"elementor-heading-title elementor-size-default\">Are any of these situations familiar to you?<\/h3>\t\t\t\t<\/div>\n\t\t\t\t<\/div>\n\t\t\t\t<div class=\"elementor-element elementor-element-3ed1a05a elementor-widget elementor-widget-text-editor\" data-id=\"3ed1a05a\" data-element_type=\"widget\" data-widget_type=\"text-editor.default\">\n\t\t\t\t<div class=\"elementor-widget-container\">\n\t\t\t\t\t\t\t\t\t<p>Do you have the feeling that in meetings with a business partner, even though you understand everything perfectly in your mother tongue, you cannot express your opinion and needs related to a given business case accurately?<\/p><p>Are you facing a meeting with an English-speaking client in a criminal matter and you cannot explain the difference between an offence and crime as comfortably and fluently as you can in your mother tongue?<\/p><p>Do you need to deliver a presentation for an important business tender, but you are not sure how to communicate the visual material for the presentation?<\/p><p>Do you want to quote from the relevant law to a foreign prospect at the first meeting on the transfer of a business share when deciding on representation by a law firm, so that it sounds really good?<\/p><p>Do you often use the services of an interpreter, even if you only need help with a few expressions?<\/p><p>You know very well that in your work you often depend on the correct sequence of words and confident expression. There are a lot of situations, if you are not sure, I will be happy to help you<\/p>\t\t\t\t\t\t\t\t<\/div>\n\t\t\t\t<\/div>\n\t\t\t\t<\/div>\n\t\t<div class=\"elementor-element elementor-element-d3523a4 e-con-full e-flex e-con e-child\" data-id=\"d3523a4\" data-element_type=\"container\">\n\t\t\t\t<div class=\"elementor-element elementor-element-8de16ea elementor-widget elementor-widget-heading\" data-id=\"8de16ea\" data-element_type=\"widget\" data-widget_type=\"heading.default\">\n\t\t\t\t<div class=\"elementor-widget-container\">\n\t\t\t\t\t<h3 class=\"elementor-heading-title elementor-size-default\">I offer you the following three cooperation options:<\/h3>\t\t\t\t<\/div>\n\t\t\t\t<\/div>\n\t\t\t\t<div class=\"elementor-element elementor-element-77a3fdf uael-faq-box-layout-yes align-at-left elementor-widget elementor-widget-uael-faq\" data-id=\"77a3fdf\" data-element_type=\"widget\" data-widget_type=\"uael-faq.default\">\n\t\t\t\t<div class=\"elementor-widget-container\">\n\t\t\t\t\t\n\t\t\t<div id='uael-faq-wrapper-125' class=\"uael-faq-wrapper\">\n\t\t\t\t<div class=\"uael-faq-container uael-faq-layout-accordion\" data-layout=\"accordion\" >\n\t\t\t\t\t\t\t\t\t\t\t\t<div id=\"uael-accordion-a8b7e41\" class=\"uael-faq-accordion\" role=\"tablist\">\n\t\t\t\t\t\t\t\t<div class= \"uael-accordion-title\" aria-expanded=\"false\" role=\"tab\">\n\t\t\t\t\t\t\t\t\t<span class=\"uael-accordion-icon uael-accordion-icon-left\">\n\t\t\t\t\t\t\t\t\t\t<span class=\"uael-accordion-icon-closed\"><svg class=\"e-font-icon-svg e-fas-angle-right\" viewBox=\"0 0 256 512\" xmlns=\"http:\/\/www.w3.org\/2000\/svg\"><path d=\"M224.3 273l-136 136c-9.4 9.4-24.6 9.4-33.9 0l-22.6-22.6c-9.4-9.4-9.4-24.6 0-33.9l96.4-96.4-96.4-96.4c-9.4-9.4-9.4-24.6 0-33.9L54.3 103c9.4-9.4 24.6-9.4 33.9 0l136 136c9.5 9.4 9.5 24.6.1 34z\"><\/path><\/svg><\/span>\n\t\t\t\t\t\t\t\t\t\t<span class=\"uael-accordion-icon-opened\"><svg class=\"e-font-icon-svg e-fas-angle-up\" viewBox=\"0 0 320 512\" xmlns=\"http:\/\/www.w3.org\/2000\/svg\"><path d=\"M177 159.7l136 136c9.4 9.4 9.4 24.6 0 33.9l-22.6 22.6c-9.4 9.4-24.6 9.4-33.9 0L160 255.9l-96.4 96.4c-9.4 9.4-24.6 9.4-33.9 0L7 329.7c-9.4-9.4-9.4-24.6 0-33.9l136-136c9.4-9.5 24.6-9.5 34-.1z\"><\/path><\/svg><\/span>\n\t\t\t\t\t\t\t\t\t<\/span>\n\t\t\t\t\t\t\t\t\t<span class=\"uael-question-a8b7e41 uael-question-span\" tabindex=\"0\" id=\"uael-faq-1-69e15b05a1f25\">CONSULTATIONS ON BUSINESS AND LEGAL ENGLISH<\/span>\n\t\t\t\t\t\t\t\t<\/div>\n\t\t\t\t\t\t\t\t<div class=\"uael-accordion-content\" role=\"tabpanel\">\n\t\t\t\t\t\t\t\t\t<span>\n\t\t\t\t\t\t\t\t\t<span>They are suitable for those who use English as their other professional language and need pro- fessional advice on how to express themselves in the best possible way.  Sometimes you just need advice on something small, but even the little things matter to make you feel more comfortable and convincing - and that\u2019s what it\u2019s all about. It is possible to consult even if it is literally just one longer sentence that is playing over and over in your head and you are not happy with it. Do you have an important presentation in English coming up, are you constantly going over it in your mind and are you stressed? Let\u2019s make an appointment, I\u2019ll help you with that and you\u2019d better relax before the important presentation. Consultations are possible by phone, email, MS Teams, etc. They last from 15 minutes to an hour.<\/span>\t\t\t\t\t\t\t\t\t<\/span>\n\t\t\t\t\t\t\t\t<\/div>\n\t\t\t\t\t\t\t<\/div>\n\t\t\t\t\t\t\t\t\t\t\t\t\t\t<div id=\"uael-accordion-523f891\" class=\"uael-faq-accordion\" role=\"tablist\">\n\t\t\t\t\t\t\t\t<div class= \"uael-accordion-title\" aria-expanded=\"false\" role=\"tab\">\n\t\t\t\t\t\t\t\t\t<span class=\"uael-accordion-icon uael-accordion-icon-left\">\n\t\t\t\t\t\t\t\t\t\t<span class=\"uael-accordion-icon-closed\"><svg class=\"e-font-icon-svg e-fas-angle-right\" viewBox=\"0 0 256 512\" xmlns=\"http:\/\/www.w3.org\/2000\/svg\"><path d=\"M224.3 273l-136 136c-9.4 9.4-24.6 9.4-33.9 0l-22.6-22.6c-9.4-9.4-9.4-24.6 0-33.9l96.4-96.4-96.4-96.4c-9.4-9.4-9.4-24.6 0-33.9L54.3 103c9.4-9.4 24.6-9.4 33.9 0l136 136c9.5 9.4 9.5 24.6.1 34z\"><\/path><\/svg><\/span>\n\t\t\t\t\t\t\t\t\t\t<span class=\"uael-accordion-icon-opened\"><svg class=\"e-font-icon-svg e-fas-angle-up\" viewBox=\"0 0 320 512\" xmlns=\"http:\/\/www.w3.org\/2000\/svg\"><path d=\"M177 159.7l136 136c9.4 9.4 9.4 24.6 0 33.9l-22.6 22.6c-9.4 9.4-24.6 9.4-33.9 0L160 255.9l-96.4 96.4c-9.4 9.4-24.6 9.4-33.9 0L7 329.7c-9.4-9.4-9.4-24.6 0-33.9l136-136c9.4-9.5 24.6-9.5 34-.1z\"><\/path><\/svg><\/span>\n\t\t\t\t\t\t\t\t\t<\/span>\n\t\t\t\t\t\t\t\t\t<span class=\"uael-question-523f891 uael-question-span\" tabindex=\"0\" id=\"uael-faq-2-69e15b05a3d06\">ENGLISH LANGUAGE CLASSES FOCUSED ON BUSINESS AND LEGAL ENGLISH<\/span>\n\t\t\t\t\t\t\t\t<\/div>\n\t\t\t\t\t\t\t\t<div class=\"uael-accordion-content\" role=\"tabpanel\">\n\t\t\t\t\t\t\t\t\t<span>\n\t\t\t\t\t\t\t\t\t<span>I recommend these classes to anyone who has a need to progress in professional English and finds that it will be difficult without progress in communicating with foreign partners. That\u2019s why they want to hone their English skills, or don\u2019t want to pay a lot of money for interpreting services.  You can find out more about how I teach and how the lessons are run on my website, my teach- ing style applies to both general and professional English. When it comes to regular profes- sional language lessons, we determine in advance what areas we will cover and to what depth  \u2013 whether it is corporate law, criminal law, new business, international accounting reports, au- diting, etc. We will talk on the topics, I will correct you and teach you how to say it better. By dis- cussing the topics from the beginning under my guidance, you will be immediately connected  with the new correct expressions. We will also read articles with similar topics and discuss them.<\/span>\t\t\t\t\t\t\t\t\t<\/span>\n\t\t\t\t\t\t\t\t<\/div>\n\t\t\t\t\t\t\t<\/div>\n\t\t\t\t\t\t\t\t\t\t\t\t\t\t<div id=\"uael-accordion-7bce990\" class=\"uael-faq-accordion\" role=\"tablist\">\n\t\t\t\t\t\t\t\t<div class= \"uael-accordion-title\" aria-expanded=\"false\" role=\"tab\">\n\t\t\t\t\t\t\t\t\t<span class=\"uael-accordion-icon uael-accordion-icon-left\">\n\t\t\t\t\t\t\t\t\t\t<span class=\"uael-accordion-icon-closed\"><svg class=\"e-font-icon-svg e-fas-angle-right\" viewBox=\"0 0 256 512\" xmlns=\"http:\/\/www.w3.org\/2000\/svg\"><path d=\"M224.3 273l-136 136c-9.4 9.4-24.6 9.4-33.9 0l-22.6-22.6c-9.4-9.4-9.4-24.6 0-33.9l96.4-96.4-96.4-96.4c-9.4-9.4-9.4-24.6 0-33.9L54.3 103c9.4-9.4 24.6-9.4 33.9 0l136 136c9.5 9.4 9.5 24.6.1 34z\"><\/path><\/svg><\/span>\n\t\t\t\t\t\t\t\t\t\t<span class=\"uael-accordion-icon-opened\"><svg class=\"e-font-icon-svg e-fas-angle-up\" viewBox=\"0 0 320 512\" xmlns=\"http:\/\/www.w3.org\/2000\/svg\"><path d=\"M177 159.7l136 136c9.4 9.4 9.4 24.6 0 33.9l-22.6 22.6c-9.4 9.4-24.6 9.4-33.9 0L160 255.9l-96.4 96.4c-9.4 9.4-24.6 9.4-33.9 0L7 329.7c-9.4-9.4-9.4-24.6 0-33.9l136-136c9.4-9.5 24.6-9.5 34-.1z\"><\/path><\/svg><\/span>\n\t\t\t\t\t\t\t\t\t<\/span>\n\t\t\t\t\t\t\t\t\t<span class=\"uael-question-7bce990 uael-question-span\" tabindex=\"0\" id=\"uael-faq-3-69e15b05a3d94\">ENGLISH LANGUAGE CLASSES FOCUSED ON BUSINESS AND LEGAL ENGLISH IN COMBINA- TION WITH GENERAL ENGLISH<\/span>\n\t\t\t\t\t\t\t\t<\/div>\n\t\t\t\t\t\t\t\t<div class=\"uael-accordion-content\" role=\"tabpanel\">\n\t\t\t\t\t\t\t\t\t<span>\n\t\t\t\t\t\t\t\t\t<span>I conduct these classes in such a way that we spend about half of the time focusing on profes- sional language, as described above, and the other half of the time focusing on general lan- guage and grammar study, so that your technical knowledge is also correctly formulated in  terms of grammar.<\/span>\t\t\t\t\t\t\t\t\t<\/span>\n\t\t\t\t\t\t\t\t<\/div>\n\t\t\t\t\t\t\t<\/div>\n\t\t\t\t\t\t\t\t\t\t\t<\/div>\n\t\t\t<\/div>\n\t\t\t\t\t\t\t<\/div>\n\t\t\t\t<\/div>\n\t\t\t\t<\/div>\n\t\t\t\t\t<\/div>\n\t\t\t\t<\/div>\n\t\t<div class=\"elementor-element elementor-element-173032cb e-flex e-con-boxed e-con e-parent\" data-id=\"173032cb\" data-element_type=\"container\">\n\t\t\t\t\t<div class=\"e-con-inner\">\n\t\t<div class=\"elementor-element elementor-element-4caaf790 e-con-full e-flex e-con e-child\" data-id=\"4caaf790\" data-element_type=\"container\">\n\t\t<div class=\"elementor-element elementor-element-470ff546 animated-fast e-con-full e-flex elementor-invisible e-con e-child\" data-id=\"470ff546\" data-element_type=\"container\" data-settings=\"{&quot;animation&quot;:&quot;fadeInUp&quot;}\">\n\t\t\t\t<div class=\"elementor-element elementor-element-60804afc elementor-widget elementor-widget-heading\" data-id=\"60804afc\" data-element_type=\"widget\" data-widget_type=\"heading.default\">\n\t\t\t\t<div class=\"elementor-widget-container\">\n\t\t\t\t\t<h2 class=\"elementor-heading-title elementor-size-default\">Book a free trial lesson<\/h2>\t\t\t\t<\/div>\n\t\t\t\t<\/div>\n\t\t\t\t<div class=\"elementor-element elementor-element-827ab6f elementor-widget elementor-widget-text-editor\" data-id=\"827ab6f\" data-element_type=\"widget\" data-widget_type=\"text-editor.default\">\n\t\t\t\t<div class=\"elementor-widget-container\">\n\t\t\t\t\t\t\t\t\t<p>In order to see the price-quality ratio for yourself, you can sign up for a free introductory lesson. You will see how the lessons are structured and how we will learn together. After the trial lesson, you can decide if you wish to start the cooperation with me.<\/p>\t\t\t\t\t\t\t\t<\/div>\n\t\t\t\t<\/div>\n\t\t\t\t<div class=\"elementor-element elementor-element-22797962 elementor-align-center elementor-mobile-align-justify elementor-widget-mobile__width-inherit elementor-widget elementor-widget-button\" data-id=\"22797962\" data-element_type=\"widget\" data-widget_type=\"button.default\">\n\t\t\t\t<div class=\"elementor-widget-container\">\n\t\t\t\t\t\t\t\t\t<div class=\"elementor-button-wrapper\">\n\t\t\t\t\t<a class=\"elementor-button elementor-button-link elementor-size-sm\" href=\"https:\/\/phorvath.sk\/en\/contact\/\">\n\t\t\t\t\t\t<span class=\"elementor-button-content-wrapper\">\n\t\t\t\t\t\t\t\t\t<span class=\"elementor-button-text\">Book a free trial lesson<\/span>\n\t\t\t\t\t<\/span>\n\t\t\t\t\t<\/a>\n\t\t\t\t<\/div>\n\t\t\t\t\t\t\t\t<\/div>\n\t\t\t\t<\/div>\n\t\t\t\t<\/div>\n\t\t\t\t<\/div>\n\t\t\t\t\t<\/div>\n\t\t\t\t<\/div>\n\t\t\t\t<\/div>\n\t\t","protected":false},"excerpt":{"rendered":"<p>Home Business and legal English Professional Business and Legal English Teaching Are any of these situations familiar to you? Do [&hellip;]<\/p>\n","protected":false},"author":1,"featured_media":0,"parent":0,"menu_order":0,"comment_status":"closed","ping_status":"closed","template":"","meta":{"_acf_changed":false,"site-sidebar-layout":"no-sidebar","site-content-layout":"","ast-site-content-layout":"full-width-container","site-content-style":"default","site-sidebar-style":"default","ast-global-header-display":"","ast-banner-title-visibility":"","ast-main-header-display":"","ast-hfb-above-header-display":"","ast-hfb-below-header-display":"","ast-hfb-mobile-header-display":"","site-post-title":"disabled","ast-breadcrumbs-content":"","ast-featured-img":"disabled","footer-sml-layout":"","ast-disable-related-posts":"","theme-transparent-header-meta":"","adv-header-id-meta":"","stick-header-meta":"","header-above-stick-meta":"","header-main-stick-meta":"","header-below-stick-meta":"","astra-migrate-meta-layouts":"default","ast-page-background-enabled":"default","ast-page-background-meta":{"desktop":{"background-color":"var(--ast-global-color-4)","background-image":"","background-repeat":"repeat","background-position":"center center","background-size":"auto","background-attachment":"scroll","background-type":"","background-media":"","overlay-type":"","overlay-color":"","overlay-opacity":"","overlay-gradient":""},"tablet":{"background-color":"","background-image":"","background-repeat":"repeat","background-position":"center center","background-size":"auto","background-attachment":"scroll","background-type":"","background-media":"","overlay-type":"","overlay-color":"","overlay-opacity":"","overlay-gradient":""},"mobile":{"background-color":"","background-image":"","background-repeat":"repeat","background-position":"center center","background-size":"auto","background-attachment":"scroll","background-type":"","background-media":"","overlay-type":"","overlay-color":"","overlay-opacity":"","overlay-gradient":""}},"ast-content-background-meta":{"desktop":{"background-color":"var(--ast-global-color-5)","background-image":"","background-repeat":"repeat","background-position":"center center","background-size":"auto","background-attachment":"scroll","background-type":"","background-media":"","overlay-type":"","overlay-color":"","overlay-opacity":"","overlay-gradient":""},"tablet":{"background-color":"var(--ast-global-color-5)","background-image":"","background-repeat":"repeat","background-position":"center center","background-size":"auto","background-attachment":"scroll","background-type":"","background-media":"","overlay-type":"","overlay-color":"","overlay-opacity":"","overlay-gradient":""},"mobile":{"background-color":"var(--ast-global-color-5)","background-image":"","background-repeat":"repeat","background-position":"center center","background-size":"auto","background-attachment":"scroll","background-type":"","background-media":"","overlay-type":"","overlay-color":"","overlay-opacity":"","overlay-gradient":""}},"footnotes":""},"class_list":["post-1300","page","type-page","status-publish","hentry"],"acf":[],"yoast_head":"<!-- This site is optimized with the Yoast SEO plugin v26.6 - https:\/\/yoast.com\/wordpress\/plugins\/seo\/ -->\n<title>Business and legal English - Peter Horv\u00e1th<\/title>\n<meta name=\"description\" content=\"If you need to improve in the language of law or business, I offer specialised courses focusing on business and legal English.\" \/>\n<meta name=\"robots\" content=\"index, follow, max-snippet:-1, max-image-preview:large, max-video-preview:-1\" \/>\n<link rel=\"canonical\" href=\"https:\/\/phorvath.sk\/en\/business-and-legal-english\/\" \/>\n<meta property=\"og:locale\" content=\"en_US\" \/>\n<meta property=\"og:type\" content=\"article\" \/>\n<meta property=\"og:title\" content=\"Business and legal English - Peter Horv\u00e1th\" \/>\n<meta property=\"og:description\" content=\"If you need to improve in the language of law or business, I offer specialised courses focusing on business and legal English.\" \/>\n<meta property=\"og:url\" content=\"https:\/\/phorvath.sk\/en\/business-and-legal-english\/\" \/>\n<meta property=\"og:site_name\" content=\"Peter Horv\u00e1th\" \/>\n<meta property=\"article:modified_time\" content=\"2024-04-04T21:50:00+00:00\" \/>\n<meta name=\"twitter:card\" content=\"summary_large_image\" \/>\n<meta name=\"twitter:label1\" content=\"Est. reading time\" \/>\n\t<meta name=\"twitter:data1\" content=\"3 minutes\" \/>\n<script type=\"application\/ld+json\" class=\"yoast-schema-graph\">{\"@context\":\"https:\/\/schema.org\",\"@graph\":[{\"@type\":\"WebPage\",\"@id\":\"https:\/\/phorvath.sk\/en\/business-and-legal-english\/\",\"url\":\"https:\/\/phorvath.sk\/en\/business-and-legal-english\/\",\"name\":\"Business and legal English - Peter Horv\u00e1th\",\"isPartOf\":{\"@id\":\"https:\/\/phorvath.sk\/en\/#website\"},\"datePublished\":\"2024-03-31T23:51:30+00:00\",\"dateModified\":\"2024-04-04T21:50:00+00:00\",\"description\":\"If you need to improve in the language of law or business, I offer specialised courses focusing on business and legal English.\",\"breadcrumb\":{\"@id\":\"https:\/\/phorvath.sk\/en\/business-and-legal-english\/#breadcrumb\"},\"inLanguage\":\"en-US\",\"potentialAction\":[{\"@type\":\"ReadAction\",\"target\":[\"https:\/\/phorvath.sk\/en\/business-and-legal-english\/\"]}]},{\"@type\":\"BreadcrumbList\",\"@id\":\"https:\/\/phorvath.sk\/en\/business-and-legal-english\/#breadcrumb\",\"itemListElement\":[{\"@type\":\"ListItem\",\"position\":1,\"name\":\"Domovsk\u00e1 str\u00e1nka\",\"item\":\"https:\/\/phorvath.sk\/en\/\"},{\"@type\":\"ListItem\",\"position\":2,\"name\":\"Business and legal English\"}]},{\"@type\":\"WebSite\",\"@id\":\"https:\/\/phorvath.sk\/en\/#website\",\"url\":\"https:\/\/phorvath.sk\/en\/\",\"name\":\"Peter Horv\u00e1th\",\"description\":\"S\u00fakromn\u00fd u\u010dite\u013e anglick\u00e9ho a slovensk\u00e9ho jazyka\",\"potentialAction\":[{\"@type\":\"SearchAction\",\"target\":{\"@type\":\"EntryPoint\",\"urlTemplate\":\"https:\/\/phorvath.sk\/en\/?s={search_term_string}\"},\"query-input\":{\"@type\":\"PropertyValueSpecification\",\"valueRequired\":true,\"valueName\":\"search_term_string\"}}],\"inLanguage\":\"en-US\"}]}<\/script>\n<!-- \/ Yoast SEO plugin. -->","yoast_head_json":{"title":"Business and legal English - Peter Horv\u00e1th","description":"If you need to improve in the language of law or business, I offer specialised courses focusing on business and legal English.","robots":{"index":"index","follow":"follow","max-snippet":"max-snippet:-1","max-image-preview":"max-image-preview:large","max-video-preview":"max-video-preview:-1"},"canonical":"https:\/\/phorvath.sk\/en\/business-and-legal-english\/","og_locale":"en_US","og_type":"article","og_title":"Business and legal English - Peter Horv\u00e1th","og_description":"If you need to improve in the language of law or business, I offer specialised courses focusing on business and legal English.","og_url":"https:\/\/phorvath.sk\/en\/business-and-legal-english\/","og_site_name":"Peter Horv\u00e1th","article_modified_time":"2024-04-04T21:50:00+00:00","twitter_card":"summary_large_image","twitter_misc":{"Est. reading time":"3 minutes"},"schema":{"@context":"https:\/\/schema.org","@graph":[{"@type":"WebPage","@id":"https:\/\/phorvath.sk\/en\/business-and-legal-english\/","url":"https:\/\/phorvath.sk\/en\/business-and-legal-english\/","name":"Business and legal English - Peter Horv\u00e1th","isPartOf":{"@id":"https:\/\/phorvath.sk\/en\/#website"},"datePublished":"2024-03-31T23:51:30+00:00","dateModified":"2024-04-04T21:50:00+00:00","description":"If you need to improve in the language of law or business, I offer specialised courses focusing on business and legal English.","breadcrumb":{"@id":"https:\/\/phorvath.sk\/en\/business-and-legal-english\/#breadcrumb"},"inLanguage":"en-US","potentialAction":[{"@type":"ReadAction","target":["https:\/\/phorvath.sk\/en\/business-and-legal-english\/"]}]},{"@type":"BreadcrumbList","@id":"https:\/\/phorvath.sk\/en\/business-and-legal-english\/#breadcrumb","itemListElement":[{"@type":"ListItem","position":1,"name":"Domovsk\u00e1 str\u00e1nka","item":"https:\/\/phorvath.sk\/en\/"},{"@type":"ListItem","position":2,"name":"Business and legal English"}]},{"@type":"WebSite","@id":"https:\/\/phorvath.sk\/en\/#website","url":"https:\/\/phorvath.sk\/en\/","name":"Peter Horv\u00e1th","description":"S\u00fakromn\u00fd u\u010dite\u013e anglick\u00e9ho a slovensk\u00e9ho jazyka","potentialAction":[{"@type":"SearchAction","target":{"@type":"EntryPoint","urlTemplate":"https:\/\/phorvath.sk\/en\/?s={search_term_string}"},"query-input":{"@type":"PropertyValueSpecification","valueRequired":true,"valueName":"search_term_string"}}],"inLanguage":"en-US"}]}},"_links":{"self":[{"href":"https:\/\/phorvath.sk\/en\/wp-json\/wp\/v2\/pages\/1300","targetHints":{"allow":["GET"]}}],"collection":[{"href":"https:\/\/phorvath.sk\/en\/wp-json\/wp\/v2\/pages"}],"about":[{"href":"https:\/\/phorvath.sk\/en\/wp-json\/wp\/v2\/types\/page"}],"author":[{"embeddable":true,"href":"https:\/\/phorvath.sk\/en\/wp-json\/wp\/v2\/users\/1"}],"replies":[{"embeddable":true,"href":"https:\/\/phorvath.sk\/en\/wp-json\/wp\/v2\/comments?post=1300"}],"version-history":[{"count":4,"href":"https:\/\/phorvath.sk\/en\/wp-json\/wp\/v2\/pages\/1300\/revisions"}],"predecessor-version":[{"id":1318,"href":"https:\/\/phorvath.sk\/en\/wp-json\/wp\/v2\/pages\/1300\/revisions\/1318"}],"wp:attachment":[{"href":"https:\/\/phorvath.sk\/en\/wp-json\/wp\/v2\/media?parent=1300"}],"curies":[{"name":"wp","href":"https:\/\/api.w.org\/{rel}","templated":true}]}}